{"id":2505,"date":"2023-05-03T13:21:13","date_gmt":"2023-05-03T13:21:13","guid":{"rendered":"https:\/\/egecontrols.com\/?page_id=2505"},"modified":"2023-05-03T13:23:30","modified_gmt":"2023-05-03T13:23:30","slug":"company-profile-2","status":"publish","type":"page","link":"https:\/\/egecontrols.com\/tr\/company-profile-2\/","title":{"rendered":"Firma Profili"},"content":{"rendered":"<div data-elementor-type=\"wp-page\" data-elementor-id=\"2505\" class=\"elementor elementor-2505\">\n\t\t\t\t\t\t<section class=\"elementor-section elementor-top-section elementor-element elementor-element-16962ed1 animated-slow elementor-section-boxed elementor-section-height-default elementor-section-height-default elementor-invisible\" data-id=\"16962ed1\" data-element_type=\"section\" data-e-type=\"section\" data-settings=\"{&quot;animation&quot;:&quot;fadeInUp&quot;}\">\n\t\t\t\t\t\t<div class=\"elementor-container elementor-column-gap-default\">\n\t\t\t\t\t<div class=\"elementor-column elementor-col-100 elementor-top-column elementor-element elementor-element-bdb0851\" data-id=\"bdb0851\" data-element_type=\"column\" data-e-type=\"column\">\n\t\t\t<div class=\"elementor-widget-wrap elementor-element-populated\">\n\t\t\t\t\t\t<div class=\"elementor-element elementor-element-5a75a82 elementor-widget elementor-widget-heading\" data-id=\"5a75a82\" data-element_type=\"widget\" data-e-type=\"widget\" data-widget_type=\"heading.default\">\n\t\t\t\t<div class=\"elementor-widget-container\">\n\t\t\t\t\t<h2 class=\"elementor-heading-title elementor-size-default\">F\u0130RMA PROF\u0130L\u0130<\/h2>\t\t\t\t<\/div>\n\t\t\t\t<\/div>\n\t\t\t\t<div class=\"elementor-element elementor-element-3b4c631c center-content elementor-widget__width-inherit elementor-widget-mobile__width-inherit elementor-widget elementor-widget-text-editor\" data-id=\"3b4c631c\" data-element_type=\"widget\" data-e-type=\"widget\" data-widget_type=\"text-editor.default\">\n\t\t\t\t<div class=\"elementor-widget-container\">\n\t\t\t\t\t\t\t\t\t<p>EGE End\u00fcstriyel Kontrol A.\u015e. end\u00fcstriyel proses kontrol sekt\u00f6r\u00fc i\u00e7in pn\u00f6matik ve elektrikli kontrol vanalar\u0131 \u00fcreticisidir.<\/p><p>ecoflo markas\u0131 alt\u0131nda sunulan \u00fcr\u00fcnler, \u015firketin Avrupa, Asya ve Afrika'daki m\u00fc\u015fterilere zaman\u0131nda ve uygun maliyetli teslimat ve hizmetler i\u00e7in uygun bir konuma sahip olan \u0130zmir Serbest Ticaret B\u00f6lgesi'ndeki 3.150 m2'lik tesislerinde tasarlanmakta ve \u00fcretilmektedir.\u00a0<\/p><p>\u015eirket, ISO 9001:2015 Kalite G\u00fcvence Sistemini takip etmekte olup, \u00fcr\u00fcnler 2014\/68\/EU Bas\u0131n\u00e7l\u0131 Ekipman Direktifine g\u00f6re sertifikaland\u0131r\u0131lm\u0131\u015ft\u0131r.<\/p><p>EGE, enerji \u00fcretimi, kimya \/ petrokimya tesisleri, petrol ve gaz rafinerileri, \u00e7elik \u00fcretimi, madencilik i\u015fleme ve makine yap\u0131m\u0131 gibi proses end\u00fcstrileri i\u00e7in sahada kan\u0131tlanm\u0131\u015f \u00e7\u00f6z\u00fcmler sunar.<\/p><p>EGE ailesi olarak, zorlu proseslerde ve ortamlarda gece g\u00fcnd\u00fcz \u00e7al\u0131\u015fmak i\u00e7in g\u00fcvenilir \u00fcr\u00fcnlere ve do\u011fru bir hizmete ihtiyac\u0131n\u0131n bilincinde olan d\u00fcnya \u00e7ap\u0131ndaki de\u011ferli m\u00fc\u015fterilerimize hizmet vermekten gurur duyuyoruz.<\/p>\t\t\t\t\t\t\t\t<\/div>\n\t\t\t\t<\/div>\n\t\t\t\t\t<\/div>\n\t\t<\/div>\n\t\t\t\t\t<\/div>\n\t\t<\/section>\n\t\t\t\t<section class=\"elementor-section elementor-top-section elementor-element elementor-element-be49e2e elementor-section-boxed elementor-section-height-default elementor-section-height-default\" data-id=\"be49e2e\" data-element_type=\"section\" data-e-type=\"section\">\n\t\t\t\t\t\t<div class=\"elementor-container elementor-column-gap-default\">\n\t\t\t\t\t<div class=\"elementor-column elementor-col-50 elementor-top-column elementor-element elementor-element-247e436\" data-id=\"247e436\" data-element_type=\"column\" data-e-type=\"column\">\n\t\t\t<div class=\"elementor-widget-wrap elementor-element-populated\">\n\t\t\t\t\t\t<div class=\"elementor-element elementor-element-fe6bed4 elementor-widget elementor-widget-heading\" data-id=\"fe6bed4\" data-element_type=\"widget\" data-e-type=\"widget\" data-widget_type=\"heading.default\">\n\t\t\t\t<div class=\"elementor-widget-container\">\n\t\t\t\t\t<h2 class=\"elementor-heading-title elementor-size-default\">R&amp;D and Design<\/h2>\t\t\t\t<\/div>\n\t\t\t\t<\/div>\n\t\t\t\t<div class=\"elementor-element elementor-element-7acb5b8 elementor-widget elementor-widget-image\" data-id=\"7acb5b8\" data-element_type=\"widget\" data-e-type=\"widget\" data-widget_type=\"image.default\">\n\t\t\t\t<div class=\"elementor-widget-container\">\n\t\t\t\t\t\t\t\t\t\t\t\t\t\t\t<img fetchpriority=\"high\" decoding=\"async\" width=\"690\" height=\"456\" src=\"https:\/\/egecontrols.com\/wp-content\/uploads\/2021\/11\/Ar-ge-ve-tasarim-01-1024x677.jpg\" class=\"attachment-large size-large wp-image-1888\" alt=\"\" srcset=\"https:\/\/egecontrols.com\/wp-content\/uploads\/2021\/11\/Ar-ge-ve-tasarim-01-1024x677.jpg 1024w, https:\/\/egecontrols.com\/wp-content\/uploads\/2021\/11\/Ar-ge-ve-tasarim-01-300x198.jpg 300w, https:\/\/egecontrols.com\/wp-content\/uploads\/2021\/11\/Ar-ge-ve-tasarim-01-768x508.jpg 768w, https:\/\/egecontrols.com\/wp-content\/uploads\/2021\/11\/Ar-ge-ve-tasarim-01-1536x1016.jpg 1536w, https:\/\/egecontrols.com\/wp-content\/uploads\/2021\/11\/Ar-ge-ve-tasarim-01-2048x1355.jpg 2048w, https:\/\/egecontrols.com\/wp-content\/uploads\/2021\/11\/Ar-ge-ve-tasarim-01-18x12.jpg 18w\" sizes=\"(max-width: 690px) 100vw, 690px\" \/>\t\t\t\t\t\t\t\t\t\t\t\t\t\t\t<\/div>\n\t\t\t\t<\/div>\n\t\t\t\t<div class=\"elementor-element elementor-element-63101ca elementor-widget elementor-widget-text-editor\" data-id=\"63101ca\" data-element_type=\"widget\" data-e-type=\"widget\" data-widget_type=\"text-editor.default\">\n\t\t\t\t<div class=\"elementor-widget-container\">\n\t\t\t\t\t\t\t\t\t<p>Say\u0131sal ak\u0131\u015f analizinden yap\u0131m malzemelerinin belirlenmesine ve genel tasar\u0131m optimizasyonuna kadar kurum i\u00e7i \u00e7al\u0131\u015fmalar.\u00a0<br \/>Temel ve uygulamal\u0131 m\u00fchendislik ile m\u00fc\u015fteri gereksinimlerinin do\u011fru yorumlanmas\u0131 sayesinde uzun \u00f6m\u00fcrl\u00fc ve y\u00fcksek performansl\u0131 \u00fcr\u00fcnler.<\/p>\t\t\t\t\t\t\t\t<\/div>\n\t\t\t\t<\/div>\n\t\t\t\t\t<\/div>\n\t\t<\/div>\n\t\t\t\t<div class=\"elementor-column elementor-col-50 elementor-top-column elementor-element elementor-element-32807f8\" data-id=\"32807f8\" data-element_type=\"column\" data-e-type=\"column\">\n\t\t\t<div class=\"elementor-widget-wrap elementor-element-populated\">\n\t\t\t\t\t\t<div class=\"elementor-element elementor-element-9962326 elementor-widget elementor-widget-heading\" data-id=\"9962326\" data-element_type=\"widget\" data-e-type=\"widget\" data-widget_type=\"heading.default\">\n\t\t\t\t<div class=\"elementor-widget-container\">\n\t\t\t\t\t<h2 class=\"elementor-heading-title elementor-size-default\">\u00dcretim<\/h2>\t\t\t\t<\/div>\n\t\t\t\t<\/div>\n\t\t\t\t<div class=\"elementor-element elementor-element-b635463 elementor-widget elementor-widget-image\" data-id=\"b635463\" data-element_type=\"widget\" data-e-type=\"widget\" data-widget_type=\"image.default\">\n\t\t\t\t<div class=\"elementor-widget-container\">\n\t\t\t\t\t\t\t\t\t\t\t\t\t\t\t<img decoding=\"async\" width=\"690\" height=\"456\" src=\"https:\/\/egecontrols.com\/wp-content\/uploads\/2022\/01\/Production-01-1024x677.jpg\" class=\"attachment-large size-large wp-image-2311\" alt=\"\" srcset=\"https:\/\/egecontrols.com\/wp-content\/uploads\/2022\/01\/Production-01-1024x677.jpg 1024w, https:\/\/egecontrols.com\/wp-content\/uploads\/2022\/01\/Production-01-300x198.jpg 300w, https:\/\/egecontrols.com\/wp-content\/uploads\/2022\/01\/Production-01-768x508.jpg 768w, https:\/\/egecontrols.com\/wp-content\/uploads\/2022\/01\/Production-01-1536x1016.jpg 1536w, https:\/\/egecontrols.com\/wp-content\/uploads\/2022\/01\/Production-01-2048x1355.jpg 2048w, https:\/\/egecontrols.com\/wp-content\/uploads\/2022\/01\/Production-01-18x12.jpg 18w\" sizes=\"(max-width: 690px) 100vw, 690px\" \/>\t\t\t\t\t\t\t\t\t\t\t\t\t\t\t<\/div>\n\t\t\t\t<\/div>\n\t\t\t\t<div class=\"elementor-element elementor-element-08c8184 elementor-widget elementor-widget-text-editor\" data-id=\"08c8184\" data-element_type=\"widget\" data-e-type=\"widget\" data-widget_type=\"text-editor.default\">\n\t\t\t\t<div class=\"elementor-widget-container\">\n\t\t\t\t\t\t\t\t\t<p>Y\u00fcksek \u00fcretim ve montaj standartlar\u0131.\u00a0<br \/>D\u00f6k\u00fcm ve d\u00f6vme prosesleri i\u00e7in belgelenmi\u015f kalite.\u00a0<br \/>Kendi b\u00fcnyesinde \u00fcretim, montaj ve testler sayesinde \u00fcr\u00fcn g\u00fcvencesi.\u00a0<br \/>End\u00fcstriyel vana \u00fcretiminde deneyimli personel.<\/p>\t\t\t\t\t\t\t\t<\/div>\n\t\t\t\t<\/div>\n\t\t\t\t\t<\/div>\n\t\t<\/div>\n\t\t\t\t\t<\/div>\n\t\t<\/section>\n\t\t\t\t<section class=\"elementor-section elementor-top-section elementor-element elementor-element-93fe202 elementor-section-boxed elementor-section-height-default elementor-section-height-default\" data-id=\"93fe202\" data-element_type=\"section\" data-e-type=\"section\">\n\t\t\t\t\t\t<div class=\"elementor-container elementor-column-gap-default\">\n\t\t\t\t\t<div class=\"elementor-column elementor-col-50 elementor-top-column elementor-element elementor-element-fc9b29e\" data-id=\"fc9b29e\" data-element_type=\"column\" data-e-type=\"column\">\n\t\t\t<div class=\"elementor-widget-wrap elementor-element-populated\">\n\t\t\t\t\t\t<div class=\"elementor-element elementor-element-79582a2 elementor-widget elementor-widget-heading\" data-id=\"79582a2\" data-element_type=\"widget\" data-e-type=\"widget\" data-widget_type=\"heading.default\">\n\t\t\t\t<div class=\"elementor-widget-container\">\n\t\t\t\t\t<h2 class=\"elementor-heading-title elementor-size-default\">Kalite Y\u00f6netimi<\/h2>\t\t\t\t<\/div>\n\t\t\t\t<\/div>\n\t\t\t\t<div class=\"elementor-element elementor-element-0a09eb1 elementor-widget elementor-widget-image\" data-id=\"0a09eb1\" data-element_type=\"widget\" data-e-type=\"widget\" data-widget_type=\"image.default\">\n\t\t\t\t<div class=\"elementor-widget-container\">\n\t\t\t\t\t\t\t\t\t\t\t\t\t\t\t<img decoding=\"async\" width=\"690\" height=\"456\" src=\"https:\/\/egecontrols.com\/wp-content\/uploads\/2021\/11\/Kalite-Yonetim-01-1024x677.jpg\" class=\"attachment-large size-large wp-image-1889\" alt=\"\" srcset=\"https:\/\/egecontrols.com\/wp-content\/uploads\/2021\/11\/Kalite-Yonetim-01-1024x677.jpg 1024w, https:\/\/egecontrols.com\/wp-content\/uploads\/2021\/11\/Kalite-Yonetim-01-300x198.jpg 300w, https:\/\/egecontrols.com\/wp-content\/uploads\/2021\/11\/Kalite-Yonetim-01-768x508.jpg 768w, https:\/\/egecontrols.com\/wp-content\/uploads\/2021\/11\/Kalite-Yonetim-01-1536x1016.jpg 1536w, https:\/\/egecontrols.com\/wp-content\/uploads\/2021\/11\/Kalite-Yonetim-01-2048x1355.jpg 2048w, https:\/\/egecontrols.com\/wp-content\/uploads\/2021\/11\/Kalite-Yonetim-01-18x12.jpg 18w\" sizes=\"(max-width: 690px) 100vw, 690px\" \/>\t\t\t\t\t\t\t\t\t\t\t\t\t\t\t<\/div>\n\t\t\t\t<\/div>\n\t\t\t\t<div class=\"elementor-element elementor-element-9bfd9dd elementor-widget elementor-widget-text-editor\" data-id=\"9bfd9dd\" data-element_type=\"widget\" data-e-type=\"widget\" data-widget_type=\"text-editor.default\">\n\t\t\t\t<div class=\"elementor-widget-container\">\n\t\t\t\t\t\t\t\t\t<p>Teklif a\u015famas\u0131ndan sipari\u015f a\u015famas\u0131na ve sevkiyat sonras\u0131na kadar entegre kalite y\u00f6netim sistemi.\u00a0<br \/>\u0130lgili direktiflere g\u00f6re \u00fcretimin her a\u015famas\u0131nda t\u00fcm par\u00e7alar ve bile\u015fenler i\u00e7in belgelenmi\u015f kalite kontrol\u00fc.\u00a0<br \/>Bitmi\u015f \u00fcr\u00fcnler i\u00e7in detayland\u0131r\u0131lm\u0131\u015f final kontrol testleri.\u00a0<br \/>T\u00fcm \u00fcr\u00fcnler i\u00e7in EN 10204 3.1 belgesi.<\/p>\t\t\t\t\t\t\t\t<\/div>\n\t\t\t\t<\/div>\n\t\t\t\t\t<\/div>\n\t\t<\/div>\n\t\t\t\t<div class=\"elementor-column elementor-col-50 elementor-top-column elementor-element elementor-element-b694c64\" data-id=\"b694c64\" data-element_type=\"column\" data-e-type=\"column\">\n\t\t\t<div class=\"elementor-widget-wrap elementor-element-populated\">\n\t\t\t\t\t\t<div class=\"elementor-element elementor-element-938bc97 elementor-widget elementor-widget-heading\" data-id=\"938bc97\" data-element_type=\"widget\" data-e-type=\"widget\" data-widget_type=\"heading.default\">\n\t\t\t\t<div class=\"elementor-widget-container\">\n\t\t\t\t\t<h2 class=\"elementor-heading-title elementor-size-default\">Teknik Destek<\/h2>\t\t\t\t<\/div>\n\t\t\t\t<\/div>\n\t\t\t\t<div class=\"elementor-element elementor-element-60363e8 elementor-widget elementor-widget-image\" data-id=\"60363e8\" data-element_type=\"widget\" data-e-type=\"widget\" data-widget_type=\"image.default\">\n\t\t\t\t<div class=\"elementor-widget-container\">\n\t\t\t\t\t\t\t\t\t\t\t\t\t\t\t<img loading=\"lazy\" decoding=\"async\" width=\"690\" height=\"456\" src=\"https:\/\/egecontrols.com\/wp-content\/uploads\/2022\/01\/technical-support-01-1024x677.jpg\" class=\"attachment-large size-large wp-image-2312\" alt=\"\" srcset=\"https:\/\/egecontrols.com\/wp-content\/uploads\/2022\/01\/technical-support-01-1024x677.jpg 1024w, https:\/\/egecontrols.com\/wp-content\/uploads\/2022\/01\/technical-support-01-300x198.jpg 300w, https:\/\/egecontrols.com\/wp-content\/uploads\/2022\/01\/technical-support-01-768x508.jpg 768w, https:\/\/egecontrols.com\/wp-content\/uploads\/2022\/01\/technical-support-01-1536x1016.jpg 1536w, https:\/\/egecontrols.com\/wp-content\/uploads\/2022\/01\/technical-support-01-2048x1355.jpg 2048w, https:\/\/egecontrols.com\/wp-content\/uploads\/2022\/01\/technical-support-01-18x12.jpg 18w\" sizes=\"(max-width: 690px) 100vw, 690px\" \/>\t\t\t\t\t\t\t\t\t\t\t\t\t\t\t<\/div>\n\t\t\t\t<\/div>\n\t\t\t\t<div class=\"elementor-element elementor-element-e166dba elementor-widget elementor-widget-text-editor\" data-id=\"e166dba\" data-element_type=\"widget\" data-e-type=\"widget\" data-widget_type=\"text-editor.default\">\n\t\t\t\t<div class=\"elementor-widget-container\">\n\t\t\t\t\t\t\t\t\t<p>Sat\u0131\u015f \u00f6ncesi ve sonras\u0131 saha ke\u015ffi,\u00a0<br \/>Teknik \u015fartnamelerin haz\u0131rlanmas\u0131 i\u00e7in destek.\u00a0<br \/>Kurulum ve \u00e7al\u0131\u015ft\u0131rma i\u00e7in denetim.\u00a0<br \/>Deneyimli ve uzman personel ile h\u0131zl\u0131 ve etkili teknik destek.<\/p>\t\t\t\t\t\t\t\t<\/div>\n\t\t\t\t<\/div>\n\t\t\t\t\t<\/div>\n\t\t<\/div>\n\t\t\t\t\t<\/div>\n\t\t<\/section>\n\t\t\t\t<section class=\"elementor-section elementor-top-section elementor-element elementor-element-9cb3236 elementor-section-boxed elementor-section-height-default elementor-section-height-default\" data-id=\"9cb3236\" data-element_type=\"section\" data-e-type=\"section\">\n\t\t\t\t\t\t<div class=\"elementor-container elementor-column-gap-default\">\n\t\t\t\t\t<div class=\"elementor-column elementor-col-50 elementor-top-column elementor-element elementor-element-87f84b3\" data-id=\"87f84b3\" data-element_type=\"column\" data-e-type=\"column\">\n\t\t\t<div class=\"elementor-widget-wrap elementor-element-populated\">\n\t\t\t\t\t\t<div class=\"elementor-element elementor-element-f444e56 elementor-widget elementor-widget-heading\" data-id=\"f444e56\" data-element_type=\"widget\" data-e-type=\"widget\" data-widget_type=\"heading.default\">\n\t\t\t\t<div class=\"elementor-widget-container\">\n\t\t\t\t\t<h2 class=\"elementor-heading-title elementor-size-default\">Proje Tedari\u011fi<\/h2>\t\t\t\t<\/div>\n\t\t\t\t<\/div>\n\t\t\t\t<div class=\"elementor-element elementor-element-d2078d4 elementor-widget elementor-widget-image\" data-id=\"d2078d4\" data-element_type=\"widget\" data-e-type=\"widget\" data-widget_type=\"image.default\">\n\t\t\t\t<div class=\"elementor-widget-container\">\n\t\t\t\t\t\t\t\t\t\t\t\t\t\t\t<img loading=\"lazy\" decoding=\"async\" width=\"690\" height=\"456\" src=\"https:\/\/egecontrols.com\/wp-content\/uploads\/2021\/11\/Proje-tedarigi-01-1024x677.jpg\" class=\"attachment-large size-large wp-image-1890\" alt=\"\" srcset=\"https:\/\/egecontrols.com\/wp-content\/uploads\/2021\/11\/Proje-tedarigi-01-1024x677.jpg 1024w, https:\/\/egecontrols.com\/wp-content\/uploads\/2021\/11\/Proje-tedarigi-01-300x198.jpg 300w, https:\/\/egecontrols.com\/wp-content\/uploads\/2021\/11\/Proje-tedarigi-01-768x508.jpg 768w, https:\/\/egecontrols.com\/wp-content\/uploads\/2021\/11\/Proje-tedarigi-01-1536x1016.jpg 1536w, https:\/\/egecontrols.com\/wp-content\/uploads\/2021\/11\/Proje-tedarigi-01-2048x1355.jpg 2048w, https:\/\/egecontrols.com\/wp-content\/uploads\/2021\/11\/Proje-tedarigi-01-18x12.jpg 18w\" sizes=\"(max-width: 690px) 100vw, 690px\" \/>\t\t\t\t\t\t\t\t\t\t\t\t\t\t\t<\/div>\n\t\t\t\t<\/div>\n\t\t\t\t<div class=\"elementor-element elementor-element-5174aee elementor-widget elementor-widget-text-editor\" data-id=\"5174aee\" data-element_type=\"widget\" data-e-type=\"widget\" data-widget_type=\"text-editor.default\">\n\t\t\t\t<div class=\"elementor-widget-container\">\n\t\t\t\t\t\t\t\t\t<p>Anahtar teslim vana paketleri: Kontrol vanalar\u0131, a\u00e7ma-kapama vanalar\u0131, reg\u00fclat\u00f6rler, emniyet vanalar\u0131, manuel vanalar.\u00a0<br \/>Enerji santrallar\u0131, kimya ve petrokimya fabrikalar\u0131, petrol ve gaz tesisleri i\u00e7in komple vana \u00e7\u00f6z\u00fcmleri.\u00a0<br \/>T\u00fcm \u00fcr\u00fcn gruplar\u0131 tek bir kaynaktan, kalite sertifikasyonu ve sat\u0131\u015f sonras\u0131 garantisi ile.<\/p>\t\t\t\t\t\t\t\t<\/div>\n\t\t\t\t<\/div>\n\t\t\t\t\t<\/div>\n\t\t<\/div>\n\t\t\t\t<div class=\"elementor-column elementor-col-50 elementor-top-column elementor-element elementor-element-765ca59\" data-id=\"765ca59\" data-element_type=\"column\" data-e-type=\"column\">\n\t\t\t<div class=\"elementor-widget-wrap elementor-element-populated\">\n\t\t\t\t\t\t<div class=\"elementor-element elementor-element-d498ab5 elementor-widget elementor-widget-heading\" data-id=\"d498ab5\" data-element_type=\"widget\" data-e-type=\"widget\" data-widget_type=\"heading.default\">\n\t\t\t\t<div class=\"elementor-widget-container\">\n\t\t\t\t\t<h2 class=\"elementor-heading-title elementor-size-default\">Sipari\u015f Y\u00f6netimi<\/h2>\t\t\t\t<\/div>\n\t\t\t\t<\/div>\n\t\t\t\t<div class=\"elementor-element elementor-element-369aa32 elementor-widget elementor-widget-image\" data-id=\"369aa32\" data-element_type=\"widget\" data-e-type=\"widget\" data-widget_type=\"image.default\">\n\t\t\t\t<div class=\"elementor-widget-container\">\n\t\t\t\t\t\t\t\t\t\t\t\t\t\t\t<img loading=\"lazy\" decoding=\"async\" width=\"690\" height=\"456\" src=\"https:\/\/egecontrols.com\/wp-content\/uploads\/2022\/01\/order-handling-01-1024x677.jpg\" class=\"attachment-large size-large wp-image-2313\" alt=\"\" srcset=\"https:\/\/egecontrols.com\/wp-content\/uploads\/2022\/01\/order-handling-01-1024x677.jpg 1024w, https:\/\/egecontrols.com\/wp-content\/uploads\/2022\/01\/order-handling-01-300x198.jpg 300w, https:\/\/egecontrols.com\/wp-content\/uploads\/2022\/01\/order-handling-01-768x508.jpg 768w, https:\/\/egecontrols.com\/wp-content\/uploads\/2022\/01\/order-handling-01-1536x1016.jpg 1536w, https:\/\/egecontrols.com\/wp-content\/uploads\/2022\/01\/order-handling-01-2048x1355.jpg 2048w, https:\/\/egecontrols.com\/wp-content\/uploads\/2022\/01\/order-handling-01-18x12.jpg 18w\" sizes=\"(max-width: 690px) 100vw, 690px\" \/>\t\t\t\t\t\t\t\t\t\t\t\t\t\t\t<\/div>\n\t\t\t\t<\/div>\n\t\t\t\t<div class=\"elementor-element elementor-element-dccf647 elementor-widget elementor-widget-text-editor\" data-id=\"dccf647\" data-element_type=\"widget\" data-e-type=\"widget\" data-widget_type=\"text-editor.default\">\n\t\t\t\t<div class=\"elementor-widget-container\">\n\t\t\t\t\t\t\t\t\t<p>Sipari\u015f a\u015famas\u0131ndan sevkiyata ve sonras\u0131na kadar tek elden proses y\u00f6netimi.\u00a0<br \/>Sipari\u015f a\u015famalar\u0131na ili\u015fkin m\u00fc\u015fteriyi zaman\u0131nda ve do\u011fru bilgilendirme.\u00a0<br \/>D\u0131\u015f ticaret konusunda uzman personel.<\/p>\t\t\t\t\t\t\t\t<\/div>\n\t\t\t\t<\/div>\n\t\t\t\t\t<\/div>\n\t\t<\/div>\n\t\t\t\t\t<\/div>\n\t\t<\/section>\n\t\t\t\t<\/div>","protected":false},"excerpt":{"rendered":"<p>COMPANY PROFILE EGE End\u00fcstriyel Kontrol A.\u015e. (EGE Industrial Controls Co., Inc.) is a manufacturer of pneumatic and electric actuated control valves for industrial process control market. The products offered under ecoflo trademark are engineered and manufactured in company\u2019s 3.150 m2 facilities in Izmir Free Trade Zone, T\u00fcrkiye, which has a convenient location for timely and<br \/><a class=\"moretag\" href=\"https:\/\/egecontrols.com\/tr\/company-profile-2\/\">+ Read More<\/a><\/p>","protected":false},"author":1,"featured_media":0,"parent":0,"menu_order":0,"comment_status":"closed","ping_status":"closed","template":"templates\/page-builder.php","meta":{"footnotes":""},"class_list":["post-2505","page","type-page","status-publish","hentry"],"_links":{"self":[{"href":"https:\/\/egecontrols.com\/tr\/wp-json\/wp\/v2\/pages\/2505","targetHints":{"allow":["GET"]}}],"collection":[{"href":"https:\/\/egecontrols.com\/tr\/wp-json\/wp\/v2\/pages"}],"about":[{"href":"https:\/\/egecontrols.com\/tr\/wp-json\/wp\/v2\/types\/page"}],"author":[{"embeddable":true,"href":"https:\/\/egecontrols.com\/tr\/wp-json\/wp\/v2\/users\/1"}],"replies":[{"embeddable":true,"href":"https:\/\/egecontrols.com\/tr\/wp-json\/wp\/v2\/comments?post=2505"}],"version-history":[{"count":2,"href":"https:\/\/egecontrols.com\/tr\/wp-json\/wp\/v2\/pages\/2505\/revisions"}],"predecessor-version":[{"id":2507,"href":"https:\/\/egecontrols.com\/tr\/wp-json\/wp\/v2\/pages\/2505\/revisions\/2507"}],"wp:attachment":[{"href":"https:\/\/egecontrols.com\/tr\/wp-json\/wp\/v2\/media?parent=2505"}],"curies":[{"name":"wp","href":"https:\/\/api.w.org\/{rel}","templated":true}]}}