{"id":2398,"date":"2022-01-25T17:37:45","date_gmt":"2022-01-25T17:37:45","guid":{"rendered":"https:\/\/egecontrols.com\/?page_id=2398"},"modified":"2024-05-06T07:18:03","modified_gmt":"2024-05-06T07:18:03","slug":"why-ecoflo-control-valves","status":"publish","type":"page","link":"https:\/\/egecontrols.com\/tr\/why-ecoflo-control-valves\/","title":{"rendered":"Why Ecoflo Control Valves?"},"content":{"rendered":"<div data-elementor-type=\"wp-page\" data-elementor-id=\"2398\" class=\"elementor elementor-2398\">\n\t\t\t\t\t\t<section class=\"elementor-section elementor-top-section elementor-element elementor-element-16962ed1 animated-slow elementor-section-boxed elementor-section-height-default elementor-section-height-default elementor-invisible\" data-id=\"16962ed1\" data-element_type=\"section\" data-e-type=\"section\" data-settings=\"{&quot;animation&quot;:&quot;fadeInUp&quot;}\">\n\t\t\t\t\t\t<div class=\"elementor-container elementor-column-gap-default\">\n\t\t\t\t\t<div class=\"elementor-column elementor-col-100 elementor-top-column elementor-element elementor-element-bdb0851\" data-id=\"bdb0851\" data-element_type=\"column\" data-e-type=\"column\">\n\t\t\t<div class=\"elementor-widget-wrap elementor-element-populated\">\n\t\t\t\t\t\t<div class=\"elementor-element elementor-element-5a75a82 elementor-widget elementor-widget-heading\" data-id=\"5a75a82\" data-element_type=\"widget\" data-e-type=\"widget\" data-widget_type=\"heading.default\">\n\t\t\t\t<div class=\"elementor-widget-container\">\n\t\t\t\t\t<h2 class=\"elementor-heading-title elementor-size-default\">Neden ecoflo Kontrol Vanalar\u0131?<\/h2>\t\t\t\t<\/div>\n\t\t\t\t<\/div>\n\t\t\t\t<div class=\"elementor-element elementor-element-3b4c631c center-content elementor-widget__width-inherit elementor-widget-mobile__width-inherit elementor-widget elementor-widget-text-editor\" data-id=\"3b4c631c\" data-element_type=\"widget\" data-e-type=\"widget\" data-widget_type=\"text-editor.default\">\n\t\t\t\t<div class=\"elementor-widget-container\">\n\t\t\t\t\t\t\t\t\t<ul><li>30 y\u0131l\u0131 a\u015fk\u0131n s\u00fcredir end\u00fcstriyel proses kontrol sistemlerinin ayr\u0131lmaz bir par\u00e7as\u0131 olan kontrol vanalar\u0131 konusunda geni\u015f bilgi ve deneyim ile.<\/li><li>Nihai \u00fcr\u00fcn g\u00fcvenilirli\u011fini sa\u011flayan kontrol vanalar\u0131n\u0131n ayn\u0131 \u00e7at\u0131 alt\u0131nda tasar\u0131m\u0131, \u00fcretimi, montaj\u0131 ve testi.<\/li><li>\u0130yi m\u00fchendislik ve y\u00fcksek kalitede i\u015f\u00e7ilikten meydana gelen \u00fcr\u00fcnler.<\/li><li>M\u00fc\u015fteri ihtiya\u00e7lar\u0131n\u0131n ve beklentilerinin tam olarak anla\u015f\u0131lmas\u0131, bunun sonucunda do\u011fru ve kan\u0131tlanm\u0131\u015f \u00e7\u00f6z\u00fcmlerin sunulmas\u0131.<\/li><li>M\u00fc\u015fteri taleplerine h\u0131zl\u0131 yan\u0131t.<\/li><li>Yurti\u00e7i ve yurtd\u0131\u015f\u0131nda say\u0131s\u0131z uygulama<\/li><\/ul>\t\t\t\t\t\t\t\t<\/div>\n\t\t\t\t<\/div>\n\t\t\t\t\t<\/div>\n\t\t<\/div>\n\t\t\t\t\t<\/div>\n\t\t<\/section>\n\t\t\t\t<\/div>","protected":false},"excerpt":{"rendered":"<p>Why ecoflo control valves? Broad knowledge and experience on control valves as an integral part of industrial process control systems and process instrumentation for over 30 years. In-house design, manufacturing, assembly and testing of control valves, ensuring final product reliability. Products benefiting from good engineering and high quality machining and workmanship capabilities. Understanding of customer<br \/><a class=\"moretag\" href=\"https:\/\/egecontrols.com\/tr\/why-ecoflo-control-valves\/\">+ Read More<\/a><\/p>","protected":false},"author":1,"featured_media":0,"parent":0,"menu_order":0,"comment_status":"closed","ping_status":"closed","template":"templates\/page-builder.php","meta":{"footnotes":""},"class_list":["post-2398","page","type-page","status-publish","hentry"],"_links":{"self":[{"href":"https:\/\/egecontrols.com\/tr\/wp-json\/wp\/v2\/pages\/2398","targetHints":{"allow":["GET"]}}],"collection":[{"href":"https:\/\/egecontrols.com\/tr\/wp-json\/wp\/v2\/pages"}],"about":[{"href":"https:\/\/egecontrols.com\/tr\/wp-json\/wp\/v2\/types\/page"}],"author":[{"embeddable":true,"href":"https:\/\/egecontrols.com\/tr\/wp-json\/wp\/v2\/users\/1"}],"replies":[{"embeddable":true,"href":"https:\/\/egecontrols.com\/tr\/wp-json\/wp\/v2\/comments?post=2398"}],"version-history":[{"count":15,"href":"https:\/\/egecontrols.com\/tr\/wp-json\/wp\/v2\/pages\/2398\/revisions"}],"predecessor-version":[{"id":2545,"href":"https:\/\/egecontrols.com\/tr\/wp-json\/wp\/v2\/pages\/2398\/revisions\/2545"}],"wp:attachment":[{"href":"https:\/\/egecontrols.com\/tr\/wp-json\/wp\/v2\/media?parent=2398"}],"curies":[{"name":"wp","href":"https:\/\/api.w.org\/{rel}","templated":true}]}}