{"id":1572,"date":"2021-11-06T20:33:35","date_gmt":"2021-11-06T20:33:35","guid":{"rendered":"https:\/\/egecontrols.com\/?page_id=1572"},"modified":"2022-01-23T21:23:30","modified_gmt":"2022-01-23T21:23:30","slug":"ecoflo-vbv-v-ball-control-valves","status":"publish","type":"page","link":"https:\/\/egecontrols.com\/tr\/ecoflo-vbv-v-ball-control-valves\/","title":{"rendered":"ecoflo-VBV V-Yar\u0131kl\u0131 Kontrol Vanalar\u0131"},"content":{"rendered":"<div data-elementor-type=\"wp-page\" data-elementor-id=\"1572\" class=\"elementor elementor-1572\">\n\t\t\t\t\t\t<section class=\"elementor-section elementor-top-section elementor-element elementor-element-16962ed1 animated-slow elementor-section-boxed elementor-section-height-default elementor-section-height-default elementor-invisible\" data-id=\"16962ed1\" data-element_type=\"section\" data-e-type=\"section\" data-settings=\"{&quot;animation&quot;:&quot;fadeInUp&quot;}\">\n\t\t\t\t\t\t<div class=\"elementor-container elementor-column-gap-default\">\n\t\t\t\t\t<div class=\"elementor-column elementor-col-50 elementor-top-column elementor-element elementor-element-4d554b9\" data-id=\"4d554b9\" data-element_type=\"column\" data-e-type=\"column\">\n\t\t\t<div class=\"elementor-widget-wrap elementor-element-populated\">\n\t\t\t\t\t\t<div class=\"elementor-element elementor-element-1c6a473 elementor-widget elementor-widget-heading\" data-id=\"1c6a473\" data-element_type=\"widget\" data-e-type=\"widget\" data-widget_type=\"heading.default\">\n\t\t\t\t<div class=\"elementor-widget-container\">\n\t\t\t\t\t<h2 class=\"elementor-heading-title elementor-size-default\">ecoflo-VBV<\/h2>\t\t\t\t<\/div>\n\t\t\t\t<\/div>\n\t\t\t\t<div class=\"elementor-element elementor-element-30a3edd elementor-widget elementor-widget-text-editor\" data-id=\"30a3edd\" data-element_type=\"widget\" data-e-type=\"widget\" data-widget_type=\"text-editor.default\">\n\t\t\t\t<div class=\"elementor-widget-container\">\n\t\t\t\t\t\t\t\t\t<p>V-Ball Control Valves<\/p><p>PN16\u2026PN40 \/ ANSI 150\u2026ANSI 300<\/p>\t\t\t\t\t\t\t\t<\/div>\n\t\t\t\t<\/div>\n\t\t\t\t<div class=\"elementor-element elementor-element-d8d2d3e elementor-arrows-position-inside elementor-widget elementor-widget-image-carousel\" data-id=\"d8d2d3e\" data-element_type=\"widget\" data-e-type=\"widget\" data-settings=\"{&quot;slides_to_show&quot;:&quot;1&quot;,&quot;navigation&quot;:&quot;arrows&quot;,&quot;autoplay_speed&quot;:4000,&quot;autoplay&quot;:&quot;yes&quot;,&quot;pause_on_hover&quot;:&quot;yes&quot;,&quot;pause_on_interaction&quot;:&quot;yes&quot;,&quot;infinite&quot;:&quot;yes&quot;,&quot;effect&quot;:&quot;slide&quot;,&quot;speed&quot;:500}\" data-widget_type=\"image-carousel.default\">\n\t\t\t\t<div class=\"elementor-widget-container\">\n\t\t\t\t\t\t\t<div class=\"elementor-image-carousel-wrapper swiper\" role=\"region\" aria-roledescription=\"carousel\" aria-label=\"Resim D\u00f6ng\u00fcs\u00fc\" dir=\"ltr\">\n\t\t\t<div class=\"elementor-image-carousel swiper-wrapper\" aria-live=\"off\">\n\t\t\t\t\t\t\t\t<div class=\"swiper-slide\" role=\"group\" aria-roledescription=\"slide\" aria-label=\"1 \/ 1\"><figure class=\"swiper-slide-inner\"><img decoding=\"async\" class=\"swiper-slide-image\" src=\"https:\/\/egecontrols.com\/wp-content\/uploads\/2022\/01\/ecoflo-VBV-V-Ball-Valve-01.jpg\" alt=\"ecoflo-VBV V-Ball Valve-01\" \/><\/figure><\/div>\t\t\t<\/div>\n\t\t\t\t\t<\/div>\n\t\t\t\t\t\t<\/div>\n\t\t\t\t<\/div>\n\t\t\t\t<div class=\"elementor-element elementor-element-3677784 elementor-widget elementor-widget-text-editor\" data-id=\"3677784\" data-element_type=\"widget\" data-e-type=\"widget\" data-widget_type=\"text-editor.default\">\n\t\t\t\t<div class=\"elementor-widget-container\">\n\t\t\t\t\t\t\t\t\t<p>DN25 (1\") ile DN300 (12\") aras\u0131 \u00e7aplarda \u00fcretilen ecoflo-BV2 serisi V-yar\u0131kl\u0131 k\u00fcresel vanalar, geni\u015f bir end\u00fcstriyel uygulama alan\u0131nda y\u00fcksek hassasiyette g\u00fcvenilir kontrol sa\u011flar.<\/p><p>Ak\u0131\u015fkan\u0131n k\u00fcre ve conta aras\u0131nda birikmesini ve dolay\u0131s\u0131 ile k\u00fcrenin s\u0131k\u0131\u015fmas\u0131n\u0131 engelleyen V-yar\u0131kl\u0131 k\u00fcre tasar\u0131m\u0131 sayesinde \u00f6zellikle ka\u011f\u0131t ve madencilik sanayinde, bunun d\u0131\u015f\u0131nda \u00e7amurlu, kat\u0131 maddeli veya lif i\u00e7eri\u011fi y\u00fcksek her t\u00fcrl\u00fc ak\u0131\u015fkan\u0131n bulundu\u011fu ortamlarda ideal bir \u00e7\u00f6z\u00fcmd\u00fcr.<\/p><p>Ayr\u0131ca V-yar\u0131kl\u0131 k\u00fcresel vanalar, d\u00fcz ge\u00e7i\u015fli i\u00e7 yap\u0131s\u0131 ile hemen her t\u00fcrl\u00fc sanayi ak\u0131\u015fkan\u0131 i\u00e7in y\u00fcksek ak\u0131\u015f kapasitesi sunar.<\/p>\t\t\t\t\t\t\t\t<\/div>\n\t\t\t\t<\/div>\n\t\t\t\t<div class=\"elementor-element elementor-element-bcb43a0 elementor-align-left elementor-widget elementor-widget-button\" data-id=\"bcb43a0\" data-element_type=\"widget\" data-e-type=\"widget\" data-widget_type=\"button.default\">\n\t\t\t\t<div class=\"elementor-widget-container\">\n\t\t\t\t\t\t\t\t\t<div class=\"elementor-button-wrapper\">\n\t\t\t\t\t<a class=\"elementor-button elementor-button-link elementor-size-sm\" href=\"https:\/\/egecontrols.com\/wp-content\/uploads\/2022\/01\/ecoflovbv_v_yarikli_kuresel_vanalar_tr.pdf\" target=\"_blank\">\n\t\t\t\t\t\t<span class=\"elementor-button-content-wrapper\">\n\t\t\t\t\t\t<span class=\"elementor-button-icon\">\n\t\t\t\t<i aria-hidden=\"true\" class=\"fas fa-file-pdf\"><\/i>\t\t\t<\/span>\n\t\t\t\t\t\t\t\t\t<span class=\"elementor-button-text\">\u00dcr\u00fcn katalo\u011fumuzu indirebilirsiniz<\/span>\n\t\t\t\t\t<\/span>\n\t\t\t\t\t<\/a>\n\t\t\t\t<\/div>\n\t\t\t\t\t\t\t\t<\/div>\n\t\t\t\t<\/div>\n\t\t\t\t<div class=\"elementor-element elementor-element-7b1cdb1 elementor-widget elementor-widget-heading\" data-id=\"7b1cdb1\" data-element_type=\"widget\" data-e-type=\"widget\" data-widget_type=\"heading.default\">\n\t\t\t\t<div class=\"elementor-widget-container\">\n\t\t\t\t\t<h2 class=\"elementor-heading-title elementor-size-default\">\u00d6ZELL\u0130KLER<\/h2>\t\t\t\t<\/div>\n\t\t\t\t<\/div>\n\t\t\t\t<div class=\"elementor-element elementor-element-6520c4d elementor-widget elementor-widget-text-editor\" data-id=\"6520c4d\" data-element_type=\"widget\" data-e-type=\"widget\" data-widget_type=\"text-editor.default\">\n\t\t\t\t<div class=\"elementor-widget-container\">\n\t\t\t\t\t\t\t\t\t<ul><li>V-yar\u0131kl\u0131 k\u00fcre tasar\u0131m\u0131<\/li><li>Y\u00fcksek ak\u0131\u015f kapasitesi<\/li><li>Geni\u015f aral\u0131kta e\u015f y\u00fczdeli kontrol karakteristi\u011fi<\/li><li>PTFE veya metal s\u0131zd\u0131rmazl\u0131k contas\u0131 \u00e7e\u015fitleri<\/li><li>EN bas\u0131n\u00e7 s\u0131n\u0131flar\u0131na g\u00f6re PN16, PN40 veya ANSI bas\u0131n\u00e7 s\u0131n\u0131flar\u0131na g\u00f6re ANSI150 veya ANSI300 bas\u0131n\u00e7 s\u0131n\u0131flar\u0131 i\u00e7in farkl\u0131 modeller mevuttur.<\/li><li>Wafer tip veya flan\u015fl\u0131 ba\u011flant\u0131lar<\/li><li>Class IV veya Class VI s\u0131zd\u0131rmazl\u0131k s\u0131n\u0131flar\u0131<\/li><li>Uluslararas\u0131 normlara g\u00f6re malzeme ve s\u0131zd\u0131rmazl\u0131k testleri<\/li><li>-30...+220 \u00b0C aras\u0131 proses s\u0131cakl\u0131\u011f\u0131. Daha d\u00fc\u015f\u00fck veya y\u00fcksek s\u0131cakl\u0131klar i\u00e7in farkl\u0131 modeller mevcuttur.<\/li><li>Pn\u00f6matik veya elektrikli aktuat\u00f6rler<\/li><li>Pn\u00f6matik aktuat\u00f6rler i\u00e7in iste\u011fe ba\u011fl\u0131, elektrikli aktuat\u00f6rler i\u00e7in  standart el kumandas\u0131<\/li><li>Oransal kontrol i\u00e7in analog veya dijital pozisyoner se\u00e7imi<\/li><li>IIP66'dan IP68'e kadar koruma s\u0131n\u0131flar\u0131, patlay\u0131c\u0131 sahalar i\u00e7in ex-proof modeller<\/li><li>D\u0131\u015f ortam s\u0131cakl\u0131\u011f\u0131 : -30...+60 \u00b0C (malzeme se\u00e7eneklerine ba\u011fl\u0131 olarak)<\/li><li>Konum svi\u00e7leri, hava y\u00f6n valfleri (solenoid vanalar), hava kilitleme (lock-up) valfleri, \n  hava kuvvetlendirici (booster) ve iste\u011fe ba\u011fl\u0131 di\u011fer aksesuarlar<\/li><\/ul>\t\t\t\t\t\t\t\t<\/div>\n\t\t\t\t<\/div>\n\t\t\t\t\t<\/div>\n\t\t<\/div>\n\t\t\t\t<div class=\"elementor-column elementor-col-50 elementor-top-column elementor-element elementor-element-09133f9\" data-id=\"09133f9\" data-element_type=\"column\" data-e-type=\"column\">\n\t\t\t<div class=\"elementor-widget-wrap elementor-element-populated\">\n\t\t\t\t\t\t<div class=\"elementor-element elementor-element-0f50023 elementor-widget elementor-widget-heading\" data-id=\"0f50023\" data-element_type=\"widget\" data-e-type=\"widget\" data-widget_type=\"heading.default\">\n\t\t\t\t<div class=\"elementor-widget-container\">\n\t\t\t\t\t<h2 class=\"elementor-heading-title elementor-size-default\">\u00dcR\u00dcNLER<\/h2>\t\t\t\t<\/div>\n\t\t\t\t<\/div>\n\t\t\t\t<section class=\"elementor-section elementor-inner-section elementor-element elementor-element-603b37b elementor-section-boxed elementor-section-height-default elementor-section-height-default\" data-id=\"603b37b\" data-element_type=\"section\" data-e-type=\"section\" data-settings=\"{&quot;background_background&quot;:&quot;classic&quot;}\">\n\t\t\t\t\t\t<div class=\"elementor-container elementor-column-gap-default\">\n\t\t\t\t\t<div class=\"elementor-column elementor-col-100 elementor-inner-column elementor-element elementor-element-55cb4b2\" data-id=\"55cb4b2\" data-element_type=\"column\" data-e-type=\"column\">\n\t\t\t<div class=\"elementor-widget-wrap elementor-element-populated\">\n\t\t\t\t\t\t<div class=\"elementor-element elementor-element-5317e2c elementor-widget elementor-widget-wp-widget-nav_menu\" data-id=\"5317e2c\" data-element_type=\"widget\" data-e-type=\"widget\" data-widget_type=\"wp-widget-nav_menu.default\">\n\t\t\t\t<div class=\"elementor-widget-container\">\n\t\t\t\t\t<div class=\"menu-products-container\"><ul id=\"menu-products\" class=\"menu\"><li id=\"menu-item-1593\" class=\"menu-item menu-item-type-post_type menu-item-object-page menu-item-1593\"><a href=\"https:\/\/egecontrols.com\/tr\/ecoflo-gv-high-pressure-control-valves\/\">ecoflo-GV Y\u00fcksek Bas\u0131n\u00e7 Kontrol Vanas\u0131<\/a><\/li>\n<li id=\"menu-item-1592\" class=\"menu-item menu-item-type-post_type menu-item-object-page menu-item-1592\"><a href=\"https:\/\/egecontrols.com\/tr\/ecoflo-gv-pneumatic-control-valves\/\">ecoflo-GV Pn\u00f6matik Kontrol Vanas\u0131<\/a><\/li>\n<li id=\"menu-item-1591\" class=\"menu-item menu-item-type-post_type menu-item-object-page menu-item-1591\"><a href=\"https:\/\/egecontrols.com\/tr\/ecoflo-gv-electric-control-valves\/\">ecoflo-GV Elektrikli Kontrol Vanas\u0131<\/a><\/li>\n<li id=\"menu-item-1590\" class=\"menu-item menu-item-type-post_type menu-item-object-page menu-item-1590\"><a href=\"https:\/\/egecontrols.com\/tr\/ecoflo-bv-pneumatic-and-electric-ball-valves\/\">ecoflo-BV Pn\u00f6matik ve Motorlu K\u00fcresel Vana<\/a><\/li>\n<li id=\"menu-item-1589\" class=\"menu-item menu-item-type-post_type menu-item-object-page menu-item-1589\"><a href=\"https:\/\/egecontrols.com\/tr\/ecoflo-vbv-v-ball-control-valves\/\">ecoflo-VBV V-Yar\u0131kl\u0131 Kontrol Vanalar\u0131<\/a><\/li>\n<li id=\"menu-item-1588\" class=\"menu-item menu-item-type-post_type menu-item-object-page menu-item-1588\"><a href=\"https:\/\/egecontrols.com\/tr\/ecoflo-bt-pneumatic-and-electric-butterfly-valves\/\">ecoflo-BT Pn\u00f6matik ve Motorlu Kelebek Vana<\/a><\/li>\n<li id=\"menu-item-1587\" class=\"menu-item menu-item-type-post_type menu-item-object-page menu-item-1587\"><a href=\"https:\/\/egecontrols.com\/tr\/ecoflo-as-pneumatic-and-electric-valves\/\">ecoflo-AS Y Tipi Vana<\/a><\/li>\n<\/ul><\/div>\t\t\t\t<\/div>\n\t\t\t\t<\/div>\n\t\t\t\t\t<\/div>\n\t\t<\/div>\n\t\t\t\t\t<\/div>\n\t\t<\/section>\n\t\t\t\t\t<\/div>\n\t\t<\/div>\n\t\t\t\t\t<\/div>\n\t\t<\/section>\n\t\t\t\t<\/div>","protected":false},"excerpt":{"rendered":"<p>ecoflo-VBV V-Ball Control Valves PN16\u2026PN40 \/ ANSI 150\u2026ANSI 300 Available from size DN25 (1\u201d) up to DN300 (12\u201d), ecoflo-VBV\u00a0 series V-ball control valves provide a high control accuracy in a wide range of industrial applications where the process fluids contain slurries, solid particles or high fiber levels. Thanks to its design minimizing the dead flow<br \/><a class=\"moretag\" href=\"https:\/\/egecontrols.com\/tr\/ecoflo-vbv-v-ball-control-valves\/\">+ Read More<\/a><\/p>","protected":false},"author":1,"featured_media":0,"parent":0,"menu_order":0,"comment_status":"closed","ping_status":"closed","template":"templates\/page-builder.php","meta":{"footnotes":""},"class_list":["post-1572","page","type-page","status-publish","hentry"],"_links":{"self":[{"href":"https:\/\/egecontrols.com\/tr\/wp-json\/wp\/v2\/pages\/1572","targetHints":{"allow":["GET"]}}],"collection":[{"href":"https:\/\/egecontrols.com\/tr\/wp-json\/wp\/v2\/pages"}],"about":[{"href":"https:\/\/egecontrols.com\/tr\/wp-json\/wp\/v2\/types\/page"}],"author":[{"embeddable":true,"href":"https:\/\/egecontrols.com\/tr\/wp-json\/wp\/v2\/users\/1"}],"replies":[{"embeddable":true,"href":"https:\/\/egecontrols.com\/tr\/wp-json\/wp\/v2\/comments?post=1572"}],"version-history":[{"count":26,"href":"https:\/\/egecontrols.com\/tr\/wp-json\/wp\/v2\/pages\/1572\/revisions"}],"predecessor-version":[{"id":2362,"href":"https:\/\/egecontrols.com\/tr\/wp-json\/wp\/v2\/pages\/1572\/revisions\/2362"}],"wp:attachment":[{"href":"https:\/\/egecontrols.com\/tr\/wp-json\/wp\/v2\/media?parent=1572"}],"curies":[{"name":"wp","href":"https:\/\/api.w.org\/{rel}","templated":true}]}}